{"id":872,"date":"2022-04-13T08:50:15","date_gmt":"2022-04-13T08:50:15","guid":{"rendered":"https:\/\/www.ehp2.com\/?page_id=872"},"modified":"2025-01-21T13:47:18","modified_gmt":"2025-01-21T13:47:18","slug":"mentions-legales-politique-confidentialite","status":"publish","type":"page","link":"https:\/\/www.ehp2.com\/en\/mentions-legales-politique-confidentialite\/","title":{"rendered":"Mentions L\u00e9gales et Politique de confidentialit\u00e9"},"content":{"rendered":"<div data-elementor-type=\"wp-page\" data-elementor-id=\"872\" class=\"elementor elementor-872\" data-elementor-post-type=\"page\">\n\t\t\t\t\t\t<section class=\"elementor-section elementor-top-section elementor-element elementor-element-4f0de86 elementor-section-boxed elementor-section-height-default elementor-section-height-default\" data-id=\"4f0de86\" data-element_type=\"section\" data-e-type=\"section\">\n\t\t\t\t\t\t<div class=\"elementor-container elementor-column-gap-default\">\n\t\t\t\t\t<div class=\"elementor-column elementor-col-100 elementor-top-column elementor-element elementor-element-3f1281a\" data-id=\"3f1281a\" data-element_type=\"column\" data-e-type=\"column\">\n\t\t\t<div class=\"elementor-widget-wrap elementor-element-populated\">\n\t\t\t\t\t\t<div class=\"elementor-element elementor-element-583a0df elementor-widget elementor-widget-spacer\" data-id=\"583a0df\" data-element_type=\"widget\" data-e-type=\"widget\" data-widget_type=\"spacer.default\">\n\t\t\t\t<div class=\"elementor-widget-container\">\n\t\t\t\t\t\t\t<div class=\"elementor-spacer\">\n\t\t\t<div class=\"elementor-spacer-inner\"><\/div>\n\t\t<\/div>\n\t\t\t\t\t\t<\/div>\n\t\t\t\t<\/div>\n\t\t\t\t<div class=\"elementor-element elementor-element-1fc4f21 elementor-widget elementor-widget-text-editor\" data-id=\"1fc4f21\" data-element_type=\"widget\" data-e-type=\"widget\" data-widget_type=\"text-editor.default\">\n\t\t\t\t<div class=\"elementor-widget-container\">\n\t\t\t\t\t\t\t\t\t<p>Le pr\u00e9sent site est d\u00e9clar\u00e9 propri\u00e9t\u00e9 de eHP\u00b2, situ\u00e9e au :<br \/>1 ter rue George M\u00e9li\u00e8s, 78390 Bois d&rsquo;Arcy (France)<br \/><a href=\"mailto:contact@ehp2.com\">contact@ehp2.com<\/a><\/p><p>N\u00b0 Siret\u00a0: 840\u00a0380\u00a0059 00013<br \/>Capital\u00a0: 20\u00a0000\u20ac<br \/>Date de cr\u00e9ation de eHP\u00b2 : 06\/2018<br \/><span style=\"font-size: 15px; letter-spacing: 0.4px;\">Jean-Fran\u00e7ois NICOLINO &#8211;\u00a0<\/span><span style=\"font-size: 15px; letter-spacing: 0.4px;\">Pr\u00e9sident<\/span><\/p><p class=\"translation-block\">Developpement : Maylis Tran \u2013 Junior CentraleSup\u00e9lec<br>Hosting : Viaduc<\/p><p><strong>Intellectual Property<\/strong><\/p><p>Toutes les informations et documents de ce site sont la propri\u00e9t\u00e9 de eHP\u00b2 ou ont fait l\u2019objet d\u2019un droit d\u2019utilisation consenti \u00e0 son profit.<\/p><p>All rights of reproduction and distribution including downloadable documents and still or moving images are reserved and protected by copyright.<\/p><p>Consequently, in the absence of authorization, any reproduction, representation, distribution, total or partial of this information or documents is prohibited under penalty of prosecution as counterfeit, within the meaning of articles L335-2 and following of the Code of the intellectual property and engages the civil and penal responsibility of its author.<\/p><p><strong>Site content<\/strong><\/p><p>Malgr\u00e9 le soin apport\u00e9 au traitement des informations, eHP\u00b2 d\u00e9cline toute responsabilit\u00e9 concernant les erreurs ou omissions portant sur les informations diffus\u00e9es sur ce site. eHP\u00b2 ne peut \u00eatre tenue responsable de l\u2019interpr\u00e9tation des informations contenues dans ce site, ni des cons\u00e9quences de leur utilisation.<\/p><p><b>Politique de Protection des Donn\u00e9es Personnelles<\/b><\/p><p>Chez EHP2, la protection de vos donn\u00e9es personnelles est une priorit\u00e9. Nous nous engageons \u00e0 respecter la l\u00e9gislation en vigueur en mati\u00e8re de protection des donn\u00e9es, notamment le R\u00e8glement G\u00e9n\u00e9ral sur la Protection des Donn\u00e9es (RGPD).<\/p><p><b>Responsable du Traitement des Donn\u00e9es<\/b><\/p><p>EHP2 est responsable du traitement des donn\u00e9es personnelles collect\u00e9es sur ce site.<\/p><p><b>Finalit\u00e9s du Traitement<\/b><\/p><p>Nous collectons vos donn\u00e9es personnelles uniquement pour les finalit\u00e9s suivantes :<\/p><ol style=\"margin-top: 0cm;\" start=\"1\" type=\"1\"><li><b>Prise de contact :<\/b> Les informations recueillies via notre formulaire de contact nous permettent de r\u00e9pondre \u00e0 vos demandes et de vous accompagner dans vos projets.<\/li><li><b>Gestion des candidatures :<\/b> Dans le cadre de nos processus de recrutement, nous collectons et conservons les CV et autres informations fournies par les candidats dans notre base de donn\u00e9es afin d&rsquo;\u00e9valuer leur profil et de les contacter si une opportunit\u00e9 correspondante se pr\u00e9sente.<\/li><\/ol><p><b>Donn\u00e9es Collect\u00e9es<\/b><\/p><p>Les donn\u00e9es personnelles que nous pouvons collecter incluent, sans s\u2019y limiter :<\/p><ul style=\"margin-top: 0cm;\" type=\"disc\"><li>Vos nom et pr\u00e9nom<\/li><li>Vos coordonn\u00e9es (adresse \u00e9lectronique, num\u00e9ro de t\u00e9l\u00e9phone, etc.)<\/li><li>Les informations contenues dans votre CV (exp\u00e9riences professionnelles, comp\u00e9tences, formation, etc.)<\/li><\/ul><p><b>Conservation des Donn\u00e9es<\/b><\/p><p>Les donn\u00e9es personnelles sont conserv\u00e9es uniquement pour la dur\u00e9e n\u00e9cessaire aux finalit\u00e9s d\u00e9crites ci-dessus :<\/p><ul style=\"margin-top: 0cm;\" type=\"disc\"><li>Pour les prises de contact : pendant la dur\u00e9e n\u00e9cessaire au traitement de votre demande.<\/li><li>Pour les candidatures : pendant une dur\u00e9e maximale de 2 ans apr\u00e8s le dernier contact avec le candidat, sauf demande contraire de celui-ci.<\/li><\/ul><p><b>Partage des Donn\u00e9es<\/b><\/p><p>Vos donn\u00e9es personnelles ne sont en aucun cas partag\u00e9es avec des tiers sans votre consentement explicite, sauf obligation l\u00e9gale.<\/p><p><b>Vos Droits<\/b><\/p><p>Conform\u00e9ment \u00e0 la r\u00e9glementation en vigueur, vous disposez des droits suivants sur vos donn\u00e9es personnelles :<\/p><ul style=\"margin-top: 0cm;\" type=\"disc\"><li><b>Droit d\u2019acc\u00e8s :<\/b> Vous pouvez demander l\u2019acc\u00e8s \u00e0 vos donn\u00e9es personnelles.<\/li><li><b>Droit de rectification :<\/b> Vous pouvez demander la correction de vos donn\u00e9es si elles sont inexactes ou incompl\u00e8tes.<\/li><li><b>Droit \u00e0 l\u2019effacement :<\/b> Vous pouvez demander la suppression de vos donn\u00e9es personnelles dans certaines conditions.<\/li><li><b>Droit \u00e0 la limitation :<\/b> Vous pouvez demander la limitation du traitement de vos donn\u00e9es.<\/li><li><b>Droit \u00e0 la portabilit\u00e9 :<\/b> Vous pouvez demander \u00e0 recevoir vos donn\u00e9es dans un format structur\u00e9 et lisible.<\/li><li><b>Droit d\u2019opposition :<\/b> Vous pouvez vous opposer au traitement de vos donn\u00e9es personnelles.<\/li><\/ul><p>Pour exercer ces droits, veuillez nous contacter \u00e0 l\u2019adresse suivante : <a href=\"mailto:dpo@ehp2.com\">dpo@ehp2.com<\/a><\/p><p><b>S\u00e9curit\u00e9 des Donn\u00e9es<\/b><\/p><p>Nous mettons en place des mesures techniques et organisationnelles appropri\u00e9es pour prot\u00e9ger vos donn\u00e9es contre tout acc\u00e8s non autoris\u00e9, perte, destruction ou alt\u00e9ration.<\/p><p><b>Modifications de cette Politique<\/b><\/p><p>Nous nous r\u00e9servons le droit de modifier cette politique de protection des donn\u00e9es \u00e0 tout moment. Toute modification sera publi\u00e9e sur cette page avec une date de mise \u00e0 jour.<\/p><p><b>Contact<\/b><\/p><p>Pour toute question concernant cette politique de protection des donn\u00e9es, vous pouvez nous contacter \u00e0 l\u2019adresse suivante : <a href=\"mailto:dpo@ehp2.com\">dpo@ehp2.com<\/a>.<span style=\"font-size: 15px; letter-spacing: 0.4px;\">\u00a0<\/span><\/p>\t\t\t\t\t\t\t\t<\/div>\n\t\t\t\t<\/div>\n\t\t\t\t<div class=\"elementor-element elementor-element-dfb8ec5 elementor-widget elementor-widget-spacer\" data-id=\"dfb8ec5\" data-element_type=\"widget\" data-e-type=\"widget\" data-widget_type=\"spacer.default\">\n\t\t\t\t<div class=\"elementor-widget-container\">\n\t\t\t\t\t\t\t<div class=\"elementor-spacer\">\n\t\t\t<div class=\"elementor-spacer-inner\"><\/div>\n\t\t<\/div>\n\t\t\t\t\t\t<\/div>\n\t\t\t\t<\/div>\n\t\t\t\t\t<\/div>\n\t\t<\/div>\n\t\t\t\t\t<\/div>\n\t\t<\/section>\n\t\t\t\t<\/div>","protected":false},"excerpt":{"rendered":"<p>Le pr\u00e9sent site est d\u00e9clar\u00e9 propri\u00e9t\u00e9 de eHP\u00b2, situ\u00e9e au :1 ter rue George M\u00e9li\u00e8s, 78390 Bois d&rsquo;Arcy (France)contact@ehp2.com N\u00b0 Siret\u00a0: 840\u00a0380\u00a0059 00013Capital\u00a0: 20\u00a0000\u20acDate de cr\u00e9ation de eHP\u00b2 : 06\/2018Jean-Fran\u00e7ois NICOLINO &#8211;\u00a0Pr\u00e9sident D\u00e9veloppement : Maylis Tran \u2013 Junior CentraleSup\u00e9lecH\u00e9bergement : Viaduc Propri\u00e9t\u00e9 intellectuelle Toutes les informations et documents de ce site sont la propri\u00e9t\u00e9 de [&hellip;]<\/p>","protected":false},"author":1,"featured_media":0,"parent":0,"menu_order":0,"comment_status":"closed","ping_status":"closed","template":"","meta":{"ocean_post_layout":"full-screen","ocean_both_sidebars_style":"","ocean_both_sidebars_content_width":0,"ocean_both_sidebars_sidebars_width":0,"ocean_sidebar":"0","ocean_second_sidebar":"0","ocean_disable_margins":"on","ocean_add_body_class":"","ocean_shortcode_before_top_bar":"","ocean_shortcode_after_top_bar":"","ocean_shortcode_before_header":"","ocean_shortcode_after_header":"","ocean_has_shortcode":"","ocean_shortcode_after_title":"","ocean_shortcode_before_footer_widgets":"","ocean_shortcode_after_footer_widgets":"","ocean_shortcode_before_footer_bottom":"","ocean_shortcode_after_footer_bottom":"","ocean_display_top_bar":"default","ocean_display_header":"default","ocean_header_style":"","ocean_center_header_left_menu":"0","ocean_custom_header_template":"0","ocean_custom_logo":0,"ocean_custom_retina_logo":0,"ocean_custom_logo_max_width":0,"ocean_custom_logo_tablet_max_width":0,"ocean_custom_logo_mobile_max_width":0,"ocean_custom_logo_max_height":0,"ocean_custom_logo_tablet_max_height":0,"ocean_custom_logo_mobile_max_height":0,"ocean_header_custom_menu":"0","ocean_menu_typo_font_family":"0","ocean_menu_typo_font_subset":"","ocean_menu_typo_font_size":0,"ocean_menu_typo_font_size_tablet":0,"ocean_menu_typo_font_size_mobile":0,"ocean_menu_typo_font_size_unit":"px","ocean_menu_typo_font_weight":"","ocean_menu_typo_font_weight_tablet":"","ocean_menu_typo_font_weight_mobile":"","ocean_menu_typo_transform":"","ocean_menu_typo_transform_tablet":"","ocean_menu_typo_transform_mobile":"","ocean_menu_typo_line_height":0,"ocean_menu_typo_line_height_tablet":0,"ocean_menu_typo_line_height_mobile":0,"ocean_menu_typo_line_height_unit":"","ocean_menu_typo_spacing":0,"ocean_menu_typo_spacing_tablet":0,"ocean_menu_typo_spacing_mobile":0,"ocean_menu_typo_spacing_unit":"","ocean_menu_link_color":"","ocean_menu_link_color_hover":"","ocean_menu_link_color_active":"","ocean_menu_link_background":"","ocean_menu_link_hover_background":"","ocean_menu_link_active_background":"","ocean_menu_social_links_bg":"","ocean_menu_social_hover_links_bg":"","ocean_menu_social_links_color":"","ocean_menu_social_hover_links_color":"","ocean_disable_title":"default","ocean_disable_heading":"default","ocean_post_title":"","ocean_post_subheading":"","ocean_post_title_style":"centered","ocean_post_title_background_color":"","ocean_post_title_background":0,"ocean_post_title_bg_image_position":"","ocean_post_title_bg_image_attachment":"","ocean_post_title_bg_image_repeat":"","ocean_post_title_bg_image_size":"","ocean_post_title_height":0,"ocean_post_title_bg_overlay":0.5,"ocean_post_title_bg_overlay_color":"","ocean_disable_breadcrumbs":"default","ocean_breadcrumbs_color":"","ocean_breadcrumbs_separator_color":"","ocean_breadcrumbs_links_color":"","ocean_breadcrumbs_links_hover_color":"","ocean_display_footer_widgets":"default","ocean_display_footer_bottom":"default","ocean_custom_footer_template":"0","footnotes":""},"class_list":["post-872","page","type-page","status-publish","hentry","entry"],"yoast_head":"<!-- This site is optimized with the Yoast SEO plugin v26.3 - https:\/\/yoast.com\/wordpress\/plugins\/seo\/ -->\n<title>Mentions L\u00e9gales et Politique de confidentialit\u00e9 - eHP\u00b2<\/title>\n<meta name=\"description\" content=\"Mentions l\u00e9gales du site ehp2\" \/>\n<meta name=\"robots\" content=\"index, follow, max-snippet:-1, max-image-preview:large, max-video-preview:-1\" \/>\n<link rel=\"canonical\" href=\"https:\/\/www.ehp2.com\/en\/mentions-legales-politique-confidentialite\/\" \/>\n<meta property=\"og:locale\" content=\"en_US\" \/>\n<meta property=\"og:type\" content=\"article\" \/>\n<meta property=\"og:title\" content=\"Mentions L\u00e9gales et Politique de confidentialit\u00e9 - eHP\u00b2\" \/>\n<meta property=\"og:description\" content=\"Mentions l\u00e9gales du site ehp2\" \/>\n<meta property=\"og:url\" content=\"https:\/\/www.ehp2.com\/en\/mentions-legales-politique-confidentialite\/\" \/>\n<meta property=\"og:site_name\" content=\"eHP\u00b2\" \/>\n<meta property=\"article:modified_time\" content=\"2025-01-21T13:47:18+00:00\" \/>\n<meta name=\"twitter:card\" content=\"summary_large_image\" \/>\n<meta name=\"twitter:label1\" content=\"Est. reading time\" \/>\n\t<meta name=\"twitter:data1\" content=\"4 minutes\" \/>\n<script type=\"application\/ld+json\" class=\"yoast-schema-graph\">{\"@context\":\"https:\/\/schema.org\",\"@graph\":[{\"@type\":\"WebPage\",\"@id\":\"https:\/\/www.ehp2.com\/mentions-legales-politique-confidentialite\/\",\"url\":\"https:\/\/www.ehp2.com\/mentions-legales-politique-confidentialite\/\",\"name\":\"Mentions L\u00e9gales et Politique de confidentialit\u00e9 - eHP\u00b2\",\"isPartOf\":{\"@id\":\"https:\/\/www.ehp2.com\/#website\"},\"datePublished\":\"2022-04-13T08:50:15+00:00\",\"dateModified\":\"2025-01-21T13:47:18+00:00\",\"description\":\"Mentions l\u00e9gales du site ehp2\",\"breadcrumb\":{\"@id\":\"https:\/\/www.ehp2.com\/mentions-legales-politique-confidentialite\/#breadcrumb\"},\"inLanguage\":\"en-US\",\"potentialAction\":[{\"@type\":\"ReadAction\",\"target\":[\"https:\/\/www.ehp2.com\/mentions-legales-politique-confidentialite\/\"]}]},{\"@type\":\"BreadcrumbList\",\"@id\":\"https:\/\/www.ehp2.com\/mentions-legales-politique-confidentialite\/#breadcrumb\",\"itemListElement\":[{\"@type\":\"ListItem\",\"position\":1,\"name\":\"Home\",\"item\":\"https:\/\/www.ehp2.com\/\"},{\"@type\":\"ListItem\",\"position\":2,\"name\":\"Mentions L\u00e9gales et Politique de confidentialit\u00e9\"}]},{\"@type\":\"WebSite\",\"@id\":\"https:\/\/www.ehp2.com\/#website\",\"url\":\"https:\/\/www.ehp2.com\/\",\"name\":\"eHP\u00b2\",\"description\":\"\",\"publisher\":{\"@id\":\"https:\/\/www.ehp2.com\/#organization\"},\"potentialAction\":[{\"@type\":\"SearchAction\",\"target\":{\"@type\":\"EntryPoint\",\"urlTemplate\":\"https:\/\/www.ehp2.com\/?s={search_term_string}\"},\"query-input\":{\"@type\":\"PropertyValueSpecification\",\"valueRequired\":true,\"valueName\":\"search_term_string\"}}],\"inLanguage\":\"en-US\"},{\"@type\":\"Organization\",\"@id\":\"https:\/\/www.ehp2.com\/#organization\",\"name\":\"eHP\u00b2\",\"url\":\"https:\/\/www.ehp2.com\/\",\"logo\":{\"@type\":\"ImageObject\",\"inLanguage\":\"en-US\",\"@id\":\"https:\/\/www.ehp2.com\/#\/schema\/logo\/image\/\",\"url\":\"https:\/\/www.ehp2.com\/wp-content\/uploads\/2022\/04\/cropped-logo-eHP\u00b2-fond-bleu-05012022-1.png\",\"contentUrl\":\"https:\/\/www.ehp2.com\/wp-content\/uploads\/2022\/04\/cropped-logo-eHP\u00b2-fond-bleu-05012022-1.png\",\"width\":960,\"height\":720,\"caption\":\"eHP\u00b2\"},\"image\":{\"@id\":\"https:\/\/www.ehp2.com\/#\/schema\/logo\/image\/\"},\"sameAs\":[\"https:\/\/www.linkedin.com\/company\/ehp2\/\"]}]}<\/script>\n<!-- \/ Yoast SEO plugin. -->","yoast_head_json":{"title":"Mentions L\u00e9gales et Politique de confidentialit\u00e9 - eHP\u00b2","description":"Mentions l\u00e9gales du site ehp2","robots":{"index":"index","follow":"follow","max-snippet":"max-snippet:-1","max-image-preview":"max-image-preview:large","max-video-preview":"max-video-preview:-1"},"canonical":"https:\/\/www.ehp2.com\/en\/mentions-legales-politique-confidentialite\/","og_locale":"en_US","og_type":"article","og_title":"Mentions L\u00e9gales et Politique de confidentialit\u00e9 - eHP\u00b2","og_description":"Mentions l\u00e9gales du site ehp2","og_url":"https:\/\/www.ehp2.com\/en\/mentions-legales-politique-confidentialite\/","og_site_name":"eHP\u00b2","article_modified_time":"2025-01-21T13:47:18+00:00","twitter_card":"summary_large_image","twitter_misc":{"Est. reading time":"4 minutes"},"schema":{"@context":"https:\/\/schema.org","@graph":[{"@type":"WebPage","@id":"https:\/\/www.ehp2.com\/mentions-legales-politique-confidentialite\/","url":"https:\/\/www.ehp2.com\/mentions-legales-politique-confidentialite\/","name":"Mentions L\u00e9gales et Politique de confidentialit\u00e9 - eHP\u00b2","isPartOf":{"@id":"https:\/\/www.ehp2.com\/#website"},"datePublished":"2022-04-13T08:50:15+00:00","dateModified":"2025-01-21T13:47:18+00:00","description":"Mentions l\u00e9gales du site ehp2","breadcrumb":{"@id":"https:\/\/www.ehp2.com\/mentions-legales-politique-confidentialite\/#breadcrumb"},"inLanguage":"en-US","potentialAction":[{"@type":"ReadAction","target":["https:\/\/www.ehp2.com\/mentions-legales-politique-confidentialite\/"]}]},{"@type":"BreadcrumbList","@id":"https:\/\/www.ehp2.com\/mentions-legales-politique-confidentialite\/#breadcrumb","itemListElement":[{"@type":"ListItem","position":1,"name":"Home","item":"https:\/\/www.ehp2.com\/"},{"@type":"ListItem","position":2,"name":"Mentions L\u00e9gales et Politique de confidentialit\u00e9"}]},{"@type":"WebSite","@id":"https:\/\/www.ehp2.com\/#website","url":"https:\/\/www.ehp2.com\/","name":"eHP\u00b2","description":"","publisher":{"@id":"https:\/\/www.ehp2.com\/#organization"},"potentialAction":[{"@type":"SearchAction","target":{"@type":"EntryPoint","urlTemplate":"https:\/\/www.ehp2.com\/?s={search_term_string}"},"query-input":{"@type":"PropertyValueSpecification","valueRequired":true,"valueName":"search_term_string"}}],"inLanguage":"en-US"},{"@type":"Organization","@id":"https:\/\/www.ehp2.com\/#organization","name":"eHP\u00b2","url":"https:\/\/www.ehp2.com\/","logo":{"@type":"ImageObject","inLanguage":"en-US","@id":"https:\/\/www.ehp2.com\/#\/schema\/logo\/image\/","url":"https:\/\/www.ehp2.com\/wp-content\/uploads\/2022\/04\/cropped-logo-eHP\u00b2-fond-bleu-05012022-1.png","contentUrl":"https:\/\/www.ehp2.com\/wp-content\/uploads\/2022\/04\/cropped-logo-eHP\u00b2-fond-bleu-05012022-1.png","width":960,"height":720,"caption":"eHP\u00b2"},"image":{"@id":"https:\/\/www.ehp2.com\/#\/schema\/logo\/image\/"},"sameAs":["https:\/\/www.linkedin.com\/company\/ehp2\/"]}]}},"_links":{"self":[{"href":"https:\/\/www.ehp2.com\/en\/wp-json\/wp\/v2\/pages\/872","targetHints":{"allow":["GET"]}}],"collection":[{"href":"https:\/\/www.ehp2.com\/en\/wp-json\/wp\/v2\/pages"}],"about":[{"href":"https:\/\/www.ehp2.com\/en\/wp-json\/wp\/v2\/types\/page"}],"author":[{"embeddable":true,"href":"https:\/\/www.ehp2.com\/en\/wp-json\/wp\/v2\/users\/1"}],"replies":[{"embeddable":true,"href":"https:\/\/www.ehp2.com\/en\/wp-json\/wp\/v2\/comments?post=872"}],"version-history":[{"count":30,"href":"https:\/\/www.ehp2.com\/en\/wp-json\/wp\/v2\/pages\/872\/revisions"}],"predecessor-version":[{"id":1533,"href":"https:\/\/www.ehp2.com\/en\/wp-json\/wp\/v2\/pages\/872\/revisions\/1533"}],"wp:attachment":[{"href":"https:\/\/www.ehp2.com\/en\/wp-json\/wp\/v2\/media?parent=872"}],"curies":[{"name":"wp","href":"https:\/\/api.w.org\/{rel}","templated":true}]}}