{"id":692,"date":"2022-04-11T08:50:29","date_gmt":"2022-04-11T08:50:29","guid":{"rendered":"https:\/\/www.ehp2.com\/?page_id=692"},"modified":"2022-04-13T08:37:49","modified_gmt":"2022-04-13T08:37:49","slug":"motosport","status":"publish","type":"page","link":"https:\/\/www.ehp2.com\/en\/secteurs\/motosport\/","title":{"rendered":"Motosport"},"content":{"rendered":"<div data-elementor-type=\"wp-page\" data-elementor-id=\"692\" class=\"elementor elementor-692\" data-elementor-post-type=\"page\">\n\t\t\t\t\t\t<section class=\"elementor-section elementor-top-section elementor-element elementor-element-3278372 elementor-section-boxed elementor-section-height-default elementor-section-height-default\" data-id=\"3278372\" data-element_type=\"section\" data-e-type=\"section\">\n\t\t\t\t\t\t<div class=\"elementor-container elementor-column-gap-default\">\n\t\t\t\t\t<div class=\"elementor-column elementor-col-100 elementor-top-column elementor-element elementor-element-90f215e\" data-id=\"90f215e\" data-element_type=\"column\" data-e-type=\"column\">\n\t\t\t<div class=\"elementor-widget-wrap elementor-element-populated\">\n\t\t\t\t\t\t<div class=\"elementor-element elementor-element-6267bf8 elementor-widget elementor-widget-heading\" data-id=\"6267bf8\" data-element_type=\"widget\" data-e-type=\"widget\" data-widget_type=\"heading.default\">\n\t\t\t\t<div class=\"elementor-widget-container\">\n\t\t\t\t\t<h2 class=\"elementor-heading-title elementor-size-default\">Retrofit scooter thermique -&gt; \u00e9lectrique \/ client Valeo\n<\/h2>\t\t\t\t<\/div>\n\t\t\t\t<\/div>\n\t\t\t\t<div class=\"elementor-element elementor-element-3c31816 elementor-widget elementor-widget-text-editor\" data-id=\"3c31816\" data-element_type=\"widget\" data-e-type=\"widget\" data-widget_type=\"text-editor.default\">\n\t\t\t\t<div class=\"elementor-widget-container\">\n\t\t\t\t\t\t\t\t\t<p><em>Recent project<\/em><\/p>\t\t\t\t\t\t\t\t<\/div>\n\t\t\t\t<\/div>\n\t\t\t\t<div class=\"elementor-element elementor-element-c1dbe8c elementor-widget elementor-widget-image\" data-id=\"c1dbe8c\" data-element_type=\"widget\" data-e-type=\"widget\" data-widget_type=\"image.default\">\n\t\t\t\t<div class=\"elementor-widget-container\">\n\t\t\t\t\t\t\t\t\t\t\t\t\t\t\t<img fetchpriority=\"high\" decoding=\"async\" width=\"1024\" height=\"576\" src=\"https:\/\/www.ehp2.com\/wp-content\/uploads\/2022\/04\/projet-scooter-1024x576.jpg\" class=\"attachment-large size-large wp-image-643\" alt=\"\" srcset=\"https:\/\/www.ehp2.com\/wp-content\/uploads\/2022\/04\/projet-scooter-1024x576.jpg 1024w, https:\/\/www.ehp2.com\/wp-content\/uploads\/2022\/04\/projet-scooter-300x169.jpg 300w, https:\/\/www.ehp2.com\/wp-content\/uploads\/2022\/04\/projet-scooter-768x432.jpg 768w, https:\/\/www.ehp2.com\/wp-content\/uploads\/2022\/04\/projet-scooter-1536x864.jpg 1536w, https:\/\/www.ehp2.com\/wp-content\/uploads\/2022\/04\/projet-scooter-2048x1151.jpg 2048w\" sizes=\"(max-width: 1024px) 100vw, 1024px\" \/>\t\t\t\t\t\t\t\t\t\t\t\t\t\t\t<\/div>\n\t\t\t\t<\/div>\n\t\t\t\t<div class=\"elementor-element elementor-element-2eefcde elementor-widget elementor-widget-spacer\" data-id=\"2eefcde\" data-element_type=\"widget\" data-e-type=\"widget\" data-widget_type=\"spacer.default\">\n\t\t\t\t<div class=\"elementor-widget-container\">\n\t\t\t\t\t\t\t<div class=\"elementor-spacer\">\n\t\t\t<div class=\"elementor-spacer-inner\"><\/div>\n\t\t<\/div>\n\t\t\t\t\t\t<\/div>\n\t\t\t\t<\/div>\n\t\t\t\t\t<\/div>\n\t\t<\/div>\n\t\t\t\t\t<\/div>\n\t\t<\/section>\n\t\t\t\t<section class=\"elementor-section elementor-top-section elementor-element elementor-element-805cd96 elementor-section-boxed elementor-section-height-default elementor-section-height-default\" data-id=\"805cd96\" data-element_type=\"section\" data-e-type=\"section\">\n\t\t\t\t\t\t<div class=\"elementor-container elementor-column-gap-default\">\n\t\t\t\t\t<div class=\"elementor-column elementor-col-100 elementor-top-column elementor-element elementor-element-f29dc69\" data-id=\"f29dc69\" data-element_type=\"column\" data-e-type=\"column\">\n\t\t\t<div class=\"elementor-widget-wrap elementor-element-populated\">\n\t\t\t\t\t\t<div class=\"elementor-element elementor-element-38716fe elementor-widget elementor-widget-heading\" data-id=\"38716fe\" data-element_type=\"widget\" data-e-type=\"widget\" data-widget_type=\"heading.default\">\n\t\t\t\t<div class=\"elementor-widget-container\">\n\t\t\t\t\t<h2 class=\"elementor-heading-title elementor-size-default\">H2 motorcycle hybridization \/ H2K customer\n<\/h2>\t\t\t\t<\/div>\n\t\t\t\t<\/div>\n\t\t\t\t<div class=\"elementor-element elementor-element-b95cf9b elementor-widget elementor-widget-text-editor\" data-id=\"b95cf9b\" data-element_type=\"widget\" data-e-type=\"widget\" data-widget_type=\"text-editor.default\">\n\t\t\t\t<div class=\"elementor-widget-container\">\n\t\t\t\t\t\t\t\t\t<p><em>Project in progress\u00a0<\/em><\/p>\t\t\t\t\t\t\t\t<\/div>\n\t\t\t\t<\/div>\n\t\t\t\t\t<\/div>\n\t\t<\/div>\n\t\t\t\t\t<\/div>\n\t\t<\/section>\n\t\t\t\t<section class=\"elementor-section elementor-top-section elementor-element elementor-element-3bb072a elementor-section-boxed elementor-section-height-default elementor-section-height-default\" data-id=\"3bb072a\" data-element_type=\"section\" data-e-type=\"section\">\n\t\t\t\t\t\t<div class=\"elementor-container elementor-column-gap-default\">\n\t\t\t\t\t<div class=\"elementor-column elementor-col-50 elementor-top-column elementor-element elementor-element-87e5240\" data-id=\"87e5240\" data-element_type=\"column\" data-e-type=\"column\">\n\t\t\t<div class=\"elementor-widget-wrap elementor-element-populated\">\n\t\t\t\t\t\t<div class=\"elementor-element elementor-element-be64e40 elementor-widget elementor-widget-image\" data-id=\"be64e40\" data-element_type=\"widget\" data-e-type=\"widget\" data-widget_type=\"image.default\">\n\t\t\t\t<div class=\"elementor-widget-container\">\n\t\t\t\t\t\t\t\t\t\t\t\t\t\t\t<img decoding=\"async\" width=\"768\" height=\"511\" src=\"https:\/\/www.ehp2.com\/wp-content\/uploads\/2022\/04\/projet-hybridation-scooter-768x511.jpg\" class=\"attachment-medium_large size-medium_large wp-image-647\" alt=\"\" srcset=\"https:\/\/www.ehp2.com\/wp-content\/uploads\/2022\/04\/projet-hybridation-scooter-768x511.jpg 768w, https:\/\/www.ehp2.com\/wp-content\/uploads\/2022\/04\/projet-hybridation-scooter-300x199.jpg 300w, https:\/\/www.ehp2.com\/wp-content\/uploads\/2022\/04\/projet-hybridation-scooter-1024x681.jpg 1024w, https:\/\/www.ehp2.com\/wp-content\/uploads\/2022\/04\/projet-hybridation-scooter.jpg 1041w\" sizes=\"(max-width: 768px) 100vw, 768px\" \/>\t\t\t\t\t\t\t\t\t\t\t\t\t\t\t<\/div>\n\t\t\t\t<\/div>\n\t\t\t\t\t<\/div>\n\t\t<\/div>\n\t\t\t\t<div class=\"elementor-column elementor-col-50 elementor-top-column elementor-element elementor-element-7ec4eb8\" data-id=\"7ec4eb8\" data-element_type=\"column\" data-e-type=\"column\">\n\t\t\t<div class=\"elementor-widget-wrap elementor-element-populated\">\n\t\t\t\t\t\t<div class=\"elementor-element elementor-element-11e3572 elementor-invisible elementor-widget elementor-widget-text-editor\" data-id=\"11e3572\" data-element_type=\"widget\" data-e-type=\"widget\" data-settings=\"{&quot;_animation&quot;:&quot;fadeIn&quot;}\" data-widget_type=\"text-editor.default\">\n\t\t\t\t<div class=\"elementor-widget-container\">\n\t\t\t\t\t\t\t\t\t<p class=\"translation-block\">First demonstrator:<br>Fuel cell 50kW<br>Battery 240V\/700Wh\/50kW<\/p>\t\t\t\t\t\t\t\t<\/div>\n\t\t\t\t<\/div>\n\t\t\t\t<section class=\"elementor-section elementor-inner-section elementor-element elementor-element-01f9104 elementor-section-boxed elementor-section-height-default elementor-section-height-default\" data-id=\"01f9104\" data-element_type=\"section\" data-e-type=\"section\">\n\t\t\t\t\t\t<div class=\"elementor-container elementor-column-gap-default\">\n\t\t\t\t\t<div class=\"elementor-column elementor-col-50 elementor-inner-column elementor-element elementor-element-43d4fbf\" data-id=\"43d4fbf\" data-element_type=\"column\" data-e-type=\"column\">\n\t\t\t<div class=\"elementor-widget-wrap elementor-element-populated\">\n\t\t\t\t\t\t<div class=\"elementor-element elementor-element-0240c43 elementor-widget elementor-widget-image\" data-id=\"0240c43\" data-element_type=\"widget\" data-e-type=\"widget\" data-widget_type=\"image.default\">\n\t\t\t\t<div class=\"elementor-widget-container\">\n\t\t\t\t\t\t\t\t\t\t\t\t\t\t\t<img decoding=\"async\" width=\"150\" height=\"150\" src=\"https:\/\/www.ehp2.com\/wp-content\/uploads\/2022\/04\/projet-H2-150x150.jpg\" class=\"attachment-thumbnail size-thumbnail wp-image-756\" alt=\"\" \/>\t\t\t\t\t\t\t\t\t\t\t\t\t\t\t<\/div>\n\t\t\t\t<\/div>\n\t\t\t\t\t<\/div>\n\t\t<\/div>\n\t\t\t\t<div class=\"elementor-column elementor-col-50 elementor-inner-column elementor-element elementor-element-813bf98\" data-id=\"813bf98\" data-element_type=\"column\" data-e-type=\"column\">\n\t\t\t<div class=\"elementor-widget-wrap elementor-element-populated\">\n\t\t\t\t\t\t<div class=\"elementor-element elementor-element-b850676 elementor-widget elementor-widget-image\" data-id=\"b850676\" data-element_type=\"widget\" data-e-type=\"widget\" data-widget_type=\"image.default\">\n\t\t\t\t<div class=\"elementor-widget-container\">\n\t\t\t\t\t\t\t\t\t\t\t\t\t\t\t<img loading=\"lazy\" decoding=\"async\" width=\"1024\" height=\"445\" src=\"https:\/\/www.ehp2.com\/wp-content\/uploads\/2022\/04\/batterie-hybridation-moto-1024x445.png\" class=\"attachment-large size-large wp-image-769\" alt=\"\" srcset=\"https:\/\/www.ehp2.com\/wp-content\/uploads\/2022\/04\/batterie-hybridation-moto-1024x445.png 1024w, https:\/\/www.ehp2.com\/wp-content\/uploads\/2022\/04\/batterie-hybridation-moto-300x130.png 300w, https:\/\/www.ehp2.com\/wp-content\/uploads\/2022\/04\/batterie-hybridation-moto-768x334.png 768w, https:\/\/www.ehp2.com\/wp-content\/uploads\/2022\/04\/batterie-hybridation-moto.png 1408w\" sizes=\"(max-width: 1024px) 100vw, 1024px\" \/>\t\t\t\t\t\t\t\t\t\t\t\t\t\t\t<\/div>\n\t\t\t\t<\/div>\n\t\t\t\t\t<\/div>\n\t\t<\/div>\n\t\t\t\t\t<\/div>\n\t\t<\/section>\n\t\t\t\t\t<\/div>\n\t\t<\/div>\n\t\t\t\t\t<\/div>\n\t\t<\/section>\n\t\t\t\t<section class=\"elementor-section elementor-top-section elementor-element elementor-element-0f6a78e elementor-section-boxed elementor-section-height-default elementor-section-height-default\" data-id=\"0f6a78e\" data-element_type=\"section\" data-e-type=\"section\">\n\t\t\t\t\t\t<div class=\"elementor-container elementor-column-gap-default\">\n\t\t\t\t\t<div class=\"elementor-column elementor-col-100 elementor-top-column elementor-element elementor-element-772c4d6\" data-id=\"772c4d6\" data-element_type=\"column\" data-e-type=\"column\">\n\t\t\t<div class=\"elementor-widget-wrap elementor-element-populated\">\n\t\t\t\t\t\t<div class=\"elementor-element elementor-element-59b31a4 elementor-widget elementor-widget-spacer\" data-id=\"59b31a4\" data-element_type=\"widget\" data-e-type=\"widget\" data-widget_type=\"spacer.default\">\n\t\t\t\t<div class=\"elementor-widget-container\">\n\t\t\t\t\t\t\t<div class=\"elementor-spacer\">\n\t\t\t<div class=\"elementor-spacer-inner\"><\/div>\n\t\t<\/div>\n\t\t\t\t\t\t<\/div>\n\t\t\t\t<\/div>\n\t\t\t\t\t<\/div>\n\t\t<\/div>\n\t\t\t\t\t<\/div>\n\t\t<\/section>\n\t\t\t\t<\/div>","protected":false},"excerpt":{"rendered":"<p>Retrofit scooter thermique -&gt; \u00e9lectrique \/ client Valeo Projet r\u00e9cent Hybridation de moto H2 \/ client H2K Projet en cours de r\u00e9alisation&nbsp; Premier d\u00e9monstrateur: Pile \u00e0 combustible 50kW Batterie 240V\/700Wh\/50kW<\/p>","protected":false},"author":1,"featured_media":0,"parent":168,"menu_order":0,"comment_status":"closed","ping_status":"closed","template":"","meta":{"ocean_post_layout":"full-width","ocean_both_sidebars_style":"","ocean_both_sidebars_content_width":0,"ocean_both_sidebars_sidebars_width":0,"ocean_sidebar":"0","ocean_second_sidebar":"0","ocean_disable_margins":"enable","ocean_add_body_class":"","ocean_shortcode_before_top_bar":"","ocean_shortcode_after_top_bar":"","ocean_shortcode_before_header":"","ocean_shortcode_after_header":"","ocean_has_shortcode":"","ocean_shortcode_after_title":"","ocean_shortcode_before_footer_widgets":"","ocean_shortcode_after_footer_widgets":"","ocean_shortcode_before_footer_bottom":"","ocean_shortcode_after_footer_bottom":"","ocean_display_top_bar":"default","ocean_display_header":"default","ocean_header_style":"","ocean_center_header_left_menu":"0","ocean_custom_header_template":"0","ocean_custom_logo":0,"ocean_custom_retina_logo":0,"ocean_custom_logo_max_width":0,"ocean_custom_logo_tablet_max_width":0,"ocean_custom_logo_mobile_max_width":0,"ocean_custom_logo_max_height":0,"ocean_custom_logo_tablet_max_height":0,"ocean_custom_logo_mobile_max_height":0,"ocean_header_custom_menu":"0","ocean_menu_typo_font_family":"0","ocean_menu_typo_font_subset":"","ocean_menu_typo_font_size":0,"ocean_menu_typo_font_size_tablet":0,"ocean_menu_typo_font_size_mobile":0,"ocean_menu_typo_font_size_unit":"px","ocean_menu_typo_font_weight":"","ocean_menu_typo_font_weight_tablet":"","ocean_menu_typo_font_weight_mobile":"","ocean_menu_typo_transform":"","ocean_menu_typo_transform_tablet":"","ocean_menu_typo_transform_mobile":"","ocean_menu_typo_line_height":0,"ocean_menu_typo_line_height_tablet":0,"ocean_menu_typo_line_height_mobile":0,"ocean_menu_typo_line_height_unit":"","ocean_menu_typo_spacing":0,"ocean_menu_typo_spacing_tablet":0,"ocean_menu_typo_spacing_mobile":0,"ocean_menu_typo_spacing_unit":"","ocean_menu_link_color":"","ocean_menu_link_color_hover":"","ocean_menu_link_color_active":"","ocean_menu_link_background":"","ocean_menu_link_hover_background":"","ocean_menu_link_active_background":"","ocean_menu_social_links_bg":"","ocean_menu_social_hover_links_bg":"","ocean_menu_social_links_color":"","ocean_menu_social_hover_links_color":"","ocean_disable_title":"default","ocean_disable_heading":"default","ocean_post_title":"","ocean_post_subheading":"","ocean_post_title_style":"centered","ocean_post_title_background_color":"","ocean_post_title_background":0,"ocean_post_title_bg_image_position":"","ocean_post_title_bg_image_attachment":"","ocean_post_title_bg_image_repeat":"","ocean_post_title_bg_image_size":"","ocean_post_title_height":0,"ocean_post_title_bg_overlay":0.5,"ocean_post_title_bg_overlay_color":"","ocean_disable_breadcrumbs":"default","ocean_breadcrumbs_color":"","ocean_breadcrumbs_separator_color":"","ocean_breadcrumbs_links_color":"","ocean_breadcrumbs_links_hover_color":"","ocean_display_footer_widgets":"default","ocean_display_footer_bottom":"default","ocean_custom_footer_template":"0","footnotes":""},"class_list":["post-692","page","type-page","status-publish","hentry","entry"],"yoast_head":"<!-- This site is optimized with the Yoast SEO plugin v26.3 - https:\/\/yoast.com\/wordpress\/plugins\/seo\/ -->\n<title>Motosport - eHP\u00b2<\/title>\n<meta name=\"robots\" content=\"index, follow, max-snippet:-1, max-image-preview:large, max-video-preview:-1\" \/>\n<link rel=\"canonical\" href=\"https:\/\/www.ehp2.com\/en\/secteurs\/motosport\/\" \/>\n<meta property=\"og:locale\" content=\"en_US\" \/>\n<meta property=\"og:type\" content=\"article\" \/>\n<meta property=\"og:title\" content=\"Motosport - eHP\u00b2\" \/>\n<meta property=\"og:description\" content=\"Retrofit scooter thermique -&gt; \u00e9lectrique \/ client Valeo Projet r\u00e9cent Hybridation de moto H2 \/ client H2K Projet en cours de r\u00e9alisation&nbsp; Premier d\u00e9monstrateur: Pile \u00e0 combustible 50kW Batterie 240V\/700Wh\/50kW\" \/>\n<meta property=\"og:url\" content=\"https:\/\/www.ehp2.com\/en\/secteurs\/motosport\/\" \/>\n<meta property=\"og:site_name\" content=\"eHP\u00b2\" \/>\n<meta property=\"article:modified_time\" content=\"2022-04-13T08:37:49+00:00\" \/>\n<meta property=\"og:image\" content=\"https:\/\/www.ehp2.com\/wp-content\/uploads\/2022\/04\/projet-scooter-1024x576.jpg\" \/>\n<meta name=\"twitter:card\" content=\"summary_large_image\" \/>\n<script type=\"application\/ld+json\" class=\"yoast-schema-graph\">{\"@context\":\"https:\/\/schema.org\",\"@graph\":[{\"@type\":\"WebPage\",\"@id\":\"https:\/\/www.ehp2.com\/secteurs\/motosport\/\",\"url\":\"https:\/\/www.ehp2.com\/secteurs\/motosport\/\",\"name\":\"Motosport - eHP\u00b2\",\"isPartOf\":{\"@id\":\"https:\/\/www.ehp2.com\/#website\"},\"primaryImageOfPage\":{\"@id\":\"https:\/\/www.ehp2.com\/secteurs\/motosport\/#primaryimage\"},\"image\":{\"@id\":\"https:\/\/www.ehp2.com\/secteurs\/motosport\/#primaryimage\"},\"thumbnailUrl\":\"https:\/\/www.ehp2.com\/wp-content\/uploads\/2022\/04\/projet-scooter-1024x576.jpg\",\"datePublished\":\"2022-04-11T08:50:29+00:00\",\"dateModified\":\"2022-04-13T08:37:49+00:00\",\"breadcrumb\":{\"@id\":\"https:\/\/www.ehp2.com\/secteurs\/motosport\/#breadcrumb\"},\"inLanguage\":\"en-US\",\"potentialAction\":[{\"@type\":\"ReadAction\",\"target\":[\"https:\/\/www.ehp2.com\/secteurs\/motosport\/\"]}]},{\"@type\":\"ImageObject\",\"inLanguage\":\"en-US\",\"@id\":\"https:\/\/www.ehp2.com\/secteurs\/motosport\/#primaryimage\",\"url\":\"https:\/\/www.ehp2.com\/wp-content\/uploads\/2022\/04\/projet-scooter-1024x576.jpg\",\"contentUrl\":\"https:\/\/www.ehp2.com\/wp-content\/uploads\/2022\/04\/projet-scooter-1024x576.jpg\"},{\"@type\":\"BreadcrumbList\",\"@id\":\"https:\/\/www.ehp2.com\/secteurs\/motosport\/#breadcrumb\",\"itemListElement\":[{\"@type\":\"ListItem\",\"position\":1,\"name\":\"Home\",\"item\":\"https:\/\/www.ehp2.com\/\"},{\"@type\":\"ListItem\",\"position\":2,\"name\":\"Secteurs\",\"item\":\"https:\/\/www.ehp2.com\/secteurs\/\"},{\"@type\":\"ListItem\",\"position\":3,\"name\":\"Motosport\"}]},{\"@type\":\"WebSite\",\"@id\":\"https:\/\/www.ehp2.com\/#website\",\"url\":\"https:\/\/www.ehp2.com\/\",\"name\":\"eHP\u00b2\",\"description\":\"\",\"publisher\":{\"@id\":\"https:\/\/www.ehp2.com\/#organization\"},\"potentialAction\":[{\"@type\":\"SearchAction\",\"target\":{\"@type\":\"EntryPoint\",\"urlTemplate\":\"https:\/\/www.ehp2.com\/?s={search_term_string}\"},\"query-input\":{\"@type\":\"PropertyValueSpecification\",\"valueRequired\":true,\"valueName\":\"search_term_string\"}}],\"inLanguage\":\"en-US\"},{\"@type\":\"Organization\",\"@id\":\"https:\/\/www.ehp2.com\/#organization\",\"name\":\"eHP\u00b2\",\"url\":\"https:\/\/www.ehp2.com\/\",\"logo\":{\"@type\":\"ImageObject\",\"inLanguage\":\"en-US\",\"@id\":\"https:\/\/www.ehp2.com\/#\/schema\/logo\/image\/\",\"url\":\"https:\/\/www.ehp2.com\/wp-content\/uploads\/2022\/04\/cropped-logo-eHP\u00b2-fond-bleu-05012022-1.png\",\"contentUrl\":\"https:\/\/www.ehp2.com\/wp-content\/uploads\/2022\/04\/cropped-logo-eHP\u00b2-fond-bleu-05012022-1.png\",\"width\":960,\"height\":720,\"caption\":\"eHP\u00b2\"},\"image\":{\"@id\":\"https:\/\/www.ehp2.com\/#\/schema\/logo\/image\/\"},\"sameAs\":[\"https:\/\/www.linkedin.com\/company\/ehp2\/\"]}]}<\/script>\n<!-- \/ Yoast SEO plugin. -->","yoast_head_json":{"title":"Motosport - eHP\u00b2","robots":{"index":"index","follow":"follow","max-snippet":"max-snippet:-1","max-image-preview":"max-image-preview:large","max-video-preview":"max-video-preview:-1"},"canonical":"https:\/\/www.ehp2.com\/en\/secteurs\/motosport\/","og_locale":"en_US","og_type":"article","og_title":"Motosport - eHP\u00b2","og_description":"Retrofit scooter thermique -&gt; \u00e9lectrique \/ client Valeo Projet r\u00e9cent Hybridation de moto H2 \/ client H2K Projet en cours de r\u00e9alisation&nbsp; Premier d\u00e9monstrateur: Pile \u00e0 combustible 50kW Batterie 240V\/700Wh\/50kW","og_url":"https:\/\/www.ehp2.com\/en\/secteurs\/motosport\/","og_site_name":"eHP\u00b2","article_modified_time":"2022-04-13T08:37:49+00:00","og_image":[{"url":"https:\/\/www.ehp2.com\/wp-content\/uploads\/2022\/04\/projet-scooter-1024x576.jpg","type":"","width":"","height":""}],"twitter_card":"summary_large_image","schema":{"@context":"https:\/\/schema.org","@graph":[{"@type":"WebPage","@id":"https:\/\/www.ehp2.com\/secteurs\/motosport\/","url":"https:\/\/www.ehp2.com\/secteurs\/motosport\/","name":"Motosport - eHP\u00b2","isPartOf":{"@id":"https:\/\/www.ehp2.com\/#website"},"primaryImageOfPage":{"@id":"https:\/\/www.ehp2.com\/secteurs\/motosport\/#primaryimage"},"image":{"@id":"https:\/\/www.ehp2.com\/secteurs\/motosport\/#primaryimage"},"thumbnailUrl":"https:\/\/www.ehp2.com\/wp-content\/uploads\/2022\/04\/projet-scooter-1024x576.jpg","datePublished":"2022-04-11T08:50:29+00:00","dateModified":"2022-04-13T08:37:49+00:00","breadcrumb":{"@id":"https:\/\/www.ehp2.com\/secteurs\/motosport\/#breadcrumb"},"inLanguage":"en-US","potentialAction":[{"@type":"ReadAction","target":["https:\/\/www.ehp2.com\/secteurs\/motosport\/"]}]},{"@type":"ImageObject","inLanguage":"en-US","@id":"https:\/\/www.ehp2.com\/secteurs\/motosport\/#primaryimage","url":"https:\/\/www.ehp2.com\/wp-content\/uploads\/2022\/04\/projet-scooter-1024x576.jpg","contentUrl":"https:\/\/www.ehp2.com\/wp-content\/uploads\/2022\/04\/projet-scooter-1024x576.jpg"},{"@type":"BreadcrumbList","@id":"https:\/\/www.ehp2.com\/secteurs\/motosport\/#breadcrumb","itemListElement":[{"@type":"ListItem","position":1,"name":"Home","item":"https:\/\/www.ehp2.com\/"},{"@type":"ListItem","position":2,"name":"Secteurs","item":"https:\/\/www.ehp2.com\/secteurs\/"},{"@type":"ListItem","position":3,"name":"Motosport"}]},{"@type":"WebSite","@id":"https:\/\/www.ehp2.com\/#website","url":"https:\/\/www.ehp2.com\/","name":"eHP\u00b2","description":"","publisher":{"@id":"https:\/\/www.ehp2.com\/#organization"},"potentialAction":[{"@type":"SearchAction","target":{"@type":"EntryPoint","urlTemplate":"https:\/\/www.ehp2.com\/?s={search_term_string}"},"query-input":{"@type":"PropertyValueSpecification","valueRequired":true,"valueName":"search_term_string"}}],"inLanguage":"en-US"},{"@type":"Organization","@id":"https:\/\/www.ehp2.com\/#organization","name":"eHP\u00b2","url":"https:\/\/www.ehp2.com\/","logo":{"@type":"ImageObject","inLanguage":"en-US","@id":"https:\/\/www.ehp2.com\/#\/schema\/logo\/image\/","url":"https:\/\/www.ehp2.com\/wp-content\/uploads\/2022\/04\/cropped-logo-eHP\u00b2-fond-bleu-05012022-1.png","contentUrl":"https:\/\/www.ehp2.com\/wp-content\/uploads\/2022\/04\/cropped-logo-eHP\u00b2-fond-bleu-05012022-1.png","width":960,"height":720,"caption":"eHP\u00b2"},"image":{"@id":"https:\/\/www.ehp2.com\/#\/schema\/logo\/image\/"},"sameAs":["https:\/\/www.linkedin.com\/company\/ehp2\/"]}]}},"_links":{"self":[{"href":"https:\/\/www.ehp2.com\/en\/wp-json\/wp\/v2\/pages\/692","targetHints":{"allow":["GET"]}}],"collection":[{"href":"https:\/\/www.ehp2.com\/en\/wp-json\/wp\/v2\/pages"}],"about":[{"href":"https:\/\/www.ehp2.com\/en\/wp-json\/wp\/v2\/types\/page"}],"author":[{"embeddable":true,"href":"https:\/\/www.ehp2.com\/en\/wp-json\/wp\/v2\/users\/1"}],"replies":[{"embeddable":true,"href":"https:\/\/www.ehp2.com\/en\/wp-json\/wp\/v2\/comments?post=692"}],"version-history":[{"count":5,"href":"https:\/\/www.ehp2.com\/en\/wp-json\/wp\/v2\/pages\/692\/revisions"}],"predecessor-version":[{"id":857,"href":"https:\/\/www.ehp2.com\/en\/wp-json\/wp\/v2\/pages\/692\/revisions\/857"}],"up":[{"embeddable":true,"href":"https:\/\/www.ehp2.com\/en\/wp-json\/wp\/v2\/pages\/168"}],"wp:attachment":[{"href":"https:\/\/www.ehp2.com\/en\/wp-json\/wp\/v2\/media?parent=692"}],"curies":[{"name":"wp","href":"https:\/\/api.w.org\/{rel}","templated":true}]}}